{"id":1342,"date":"2023-07-27T15:39:09","date_gmt":"2023-07-27T13:39:09","guid":{"rendered":"https:\/\/chalet-aravet.com\/?page_id=1342"},"modified":"2024-06-18T14:52:02","modified_gmt":"2024-06-18T12:52:02","slug":"plans-chalet-aravet","status":"publish","type":"page","link":"https:\/\/chalet-aravet.com\/en\/chalet-floor-plans\/","title":{"rendered":"Plans Chalet Aravet"},"content":{"rendered":"<div class=\"wp-block-cover alignfull is-light banniere hide-mobile has-base-color has-text-color\"><span aria-hidden=\"true\" class=\"wp-block-cover__background has-background-dim-0 has-background-dim\"><\/span><img loading=\"lazy\" decoding=\"async\" width=\"1656\" height=\"1121\" class=\"wp-block-cover__image-background wp-image-1834\" alt=\"Louer votre s\u00e9jour \u00e0 Serre Chevalier\" src=\"https:\/\/chalet-aravet.com\/wp-content\/uploads\/2024\/02\/sejour-serre-chevalier.webp\" style=\"object-position:50% 75%\" data-object-fit=\"cover\" data-object-position=\"50% 75%\" srcset=\"https:\/\/chalet-aravet.com\/wp-content\/uploads\/2024\/02\/sejour-serre-chevalier.webp 1656w, https:\/\/chalet-aravet.com\/wp-content\/uploads\/2024\/02\/sejour-serre-chevalier-300x203.webp 300w, https:\/\/chalet-aravet.com\/wp-content\/uploads\/2024\/02\/sejour-serre-chevalier-1024x693.webp 1024w, https:\/\/chalet-aravet.com\/wp-content\/uploads\/2024\/02\/sejour-serre-chevalier-768x520.webp 768w, https:\/\/chalet-aravet.com\/wp-content\/uploads\/2024\/02\/sejour-serre-chevalier-1536x1040.webp 1536w, https:\/\/chalet-aravet.com\/wp-content\/uploads\/2024\/02\/sejour-serre-chevalier-18x12.webp 18w\" sizes=\"auto, (max-width: 1656px) 100vw, 1656px\" \/><div class=\"wp-block-cover__inner-container is-layout-flow wp-container-core-cover-is-layout-f5bb311e wp-block-cover-is-layout-flow\">\n<h1 class=\"wp-block-heading has-text-align-center has-x-large-font-size\">CHALET FLOOR PLANS<\/h1>\n\n\n\n<p class=\"has-text-align-center\">Discover the layouts of our versions<\/p>\n\n\n\n<div class=\"wp-block-buttons is-content-justification-center is-layout-flex wp-container-core-buttons-is-layout-a89b3969 wp-block-buttons-is-layout-flex\">\n<div class=\"wp-block-button\"><a class=\"wp-block-button__link has-contrast-color has-base-background-color has-text-color has-background has-text-align-center wp-element-button\" href=\"https:\/\/chalet-aravet.com\/en\/serre-chevalier-chalet-reservations\/\">Book your stay<\/a><\/div>\n<\/div>\n<\/div><\/div>\n\n\n\n<div class=\"wp-block-cover alignfull is-light banniere hide-desktop has-base-color has-text-color\"><span aria-hidden=\"true\" class=\"wp-block-cover__background has-background-dim-0 has-background-dim\"><\/span><img loading=\"lazy\" decoding=\"async\" width=\"1656\" height=\"1121\" class=\"wp-block-cover__image-background wp-image-1834\" alt=\"Louer votre s\u00e9jour \u00e0 Serre Chevalier\" src=\"https:\/\/chalet-aravet.com\/wp-content\/uploads\/2024\/02\/sejour-serre-chevalier.webp\" style=\"object-position:50% 75%\" data-object-fit=\"cover\" data-object-position=\"50% 75%\" srcset=\"https:\/\/chalet-aravet.com\/wp-content\/uploads\/2024\/02\/sejour-serre-chevalier.webp 1656w, https:\/\/chalet-aravet.com\/wp-content\/uploads\/2024\/02\/sejour-serre-chevalier-300x203.webp 300w, https:\/\/chalet-aravet.com\/wp-content\/uploads\/2024\/02\/sejour-serre-chevalier-1024x693.webp 1024w, https:\/\/chalet-aravet.com\/wp-content\/uploads\/2024\/02\/sejour-serre-chevalier-768x520.webp 768w, https:\/\/chalet-aravet.com\/wp-content\/uploads\/2024\/02\/sejour-serre-chevalier-1536x1040.webp 1536w, https:\/\/chalet-aravet.com\/wp-content\/uploads\/2024\/02\/sejour-serre-chevalier-18x12.webp 18w\" sizes=\"auto, (max-width: 1656px) 100vw, 1656px\" \/><div class=\"wp-block-cover__inner-container is-layout-flow wp-container-core-cover-is-layout-f5bb311e wp-block-cover-is-layout-flow\">\n<h1 class=\"wp-block-heading has-text-align-center has-x-large-font-size\">CHALET FLOOR PLANS<\/h1>\n\n\n\n<p class=\"has-text-align-center\">Discover the layouts of our versions<\/p>\n\n\n\n<div class=\"wp-block-buttons is-content-justification-center is-layout-flex wp-container-core-buttons-is-layout-a89b3969 wp-block-buttons-is-layout-flex\">\n<div class=\"wp-block-button\"><a class=\"wp-block-button__link has-contrast-color has-base-background-color has-text-color has-background has-text-align-center wp-element-button\" href=\"https:\/\/chalet-aravet.com\/en\/serre-chevalier-chalet-reservations\/\">Book your stay<\/a><\/div>\n<\/div>\n<\/div><\/div>\n\n\n\n<div class=\"wp-block-group alignwide has-global-padding is-layout-constrained wp-container-core-group-is-layout-bf111dba wp-block-group-is-layout-constrained\" style=\"padding-top:var(--wp--preset--spacing--60);padding-bottom:var(--wp--preset--spacing--50)\">\n<h2 class=\"wp-block-heading has-text-align-center has-large-font-size\">CHALET FLOOR PLANS<\/h2>\n\n\n\n<div class=\"wp-block-buttons is-content-justification-center is-layout-flex wp-container-core-buttons-is-layout-78108f9f wp-block-buttons-is-layout-flex\" style=\"margin-bottom:var(--wp--preset--spacing--60)\">\n<div class=\"wp-block-button has-custom-font-size bouton-marron has-medium-font-size\"><a class=\"wp-block-button__link has-base-color has-text-color wp-element-button\" href=\"\/wp-content\/uploads\/2024\/06\/plan-general-versions-aravet-chalet.pdf\" target=\"_blank\" rel=\"noreferrer noopener\">General floor plan<\/a><\/div>\n<\/div>\n\n\n\n<div class=\"wp-block-columns is-layout-flex wp-container-core-columns-is-layout-08a2a807 wp-block-columns-is-layout-flex\">\n<div class=\"wp-block-column is-layout-flow wp-container-core-column-is-layout-f5bb311e wp-block-column-is-layout-flow\">\n<h3 class=\"wp-block-heading has-text-align-center has-large-font-size\">Level -1<\/h3>\n\n\n\n<figure class=\"plan wp-block-image alignfull size-full\" data-pdflink=\"\/wp-content\/uploads\/2024\/06\/aravet-niv-moins-1.pdf\"><img decoding=\"async\" src=\"https:\/\/chalet-aravet.com\/wp-content\/uploads\/2024\/06\/aravet-niv-moins-1.webp\" alt=\"\" class=\"wp-image-1087\"\/><\/figure>\n<\/div>\n\n\n\n<div class=\"wp-block-column is-layout-flow wp-container-core-column-is-layout-119bc444 wp-block-column-is-layout-flow\">\n<h3 class=\"wp-block-heading has-text-align-center has-large-font-size\">Level 0<\/h3>\n\n\n\n<figure class=\"plan wp-block-image alignfull size-full\" data-pdflink=\"\/wp-content\/uploads\/2024\/06\/plan-aravet-niv-0.pdf\"><img decoding=\"async\" src=\"https:\/\/chalet-aravet.com\/wp-content\/uploads\/2024\/06\/aravet-niv-0.webp\" alt=\"\" class=\"wp-image-1087\"\/><\/figure>\n<\/div>\n<\/div>\n\n\n\n<div class=\"wp-block-columns is-layout-flex wp-container-core-columns-is-layout-08a2a807 wp-block-columns-is-layout-flex\">\n<div class=\"wp-block-column is-layout-flow wp-container-core-column-is-layout-119bc444 wp-block-column-is-layout-flow\">\n<h3 class=\"wp-block-heading has-text-align-center has-large-font-size\">Level 1<\/h3>\n\n\n\n<figure class=\"plan wp-block-image alignfull size-full\" data-pdflink=\"\/wp-content\/uploads\/2024\/06\/plan-aravet-niv-1.pdf\"><img decoding=\"async\" src=\"https:\/\/chalet-aravet.com\/wp-content\/uploads\/2024\/06\/aravet-niv-1.webp\" alt=\"\" class=\"wp-image-1087\"\/><\/figure>\n<\/div>\n\n\n\n<div class=\"wp-block-column is-layout-flow wp-container-core-column-is-layout-119bc444 wp-block-column-is-layout-flow\">\n<h3 class=\"wp-block-heading has-text-align-center has-large-font-size\">Level 2<\/h3>\n\n\n\n<figure class=\"plan wp-block-image alignfull size-full\" data-pdflink=\"\/wp-content\/uploads\/2024\/06\/plan-aravet-niv-2.pdf\"><img decoding=\"async\" src=\"https:\/\/chalet-aravet.com\/wp-content\/uploads\/2024\/06\/aravet-niv-2.webp\" alt=\"\" class=\"wp-image-1087\"\/><\/figure>\n<\/div>\n<\/div>\n<\/div>","protected":false},"excerpt":{"rendered":"<p>PLANS DU CHALET Niveau -1 Niveau 0 Niveau 1 Niveau 2<\/p>","protected":false},"author":1,"featured_media":0,"parent":0,"menu_order":0,"comment_status":"closed","ping_status":"closed","template":"","meta":{"footnotes":""},"class_list":["post-1342","page","type-page","status-publish","hentry"],"yoast_head":"<!-- This site is optimized with the Yoast SEO plugin v26.5 - https:\/\/yoast.com\/wordpress\/plugins\/seo\/ -->\n<title>Plans Chalet Aravet - Chalet Aravet<\/title>\n<meta name=\"description\" content=\"D\u00e9couvrez les agencements de nos formules avec les plans du Chalet Aravet \u00e0 Serre Chevalier, compos\u00e9 de 4 niveaux.\" \/>\n<meta name=\"robots\" content=\"index, follow, max-snippet:-1, max-image-preview:large, max-video-preview:-1\" \/>\n<link rel=\"canonical\" href=\"https:\/\/chalet-aravet.com\/en\/chalet-floor-plans\/\" \/>\n<meta property=\"og:locale\" content=\"en_GB\" \/>\n<meta property=\"og:type\" content=\"article\" \/>\n<meta property=\"og:title\" content=\"Plans Chalet Aravet - Chalet Aravet\" \/>\n<meta property=\"og:description\" content=\"D\u00e9couvrez les agencements de nos formules avec les plans du Chalet Aravet \u00e0 Serre Chevalier, compos\u00e9 de 4 niveaux.\" \/>\n<meta property=\"og:url\" content=\"https:\/\/chalet-aravet.com\/en\/chalet-floor-plans\/\" \/>\n<meta property=\"og:site_name\" content=\"Chalet Aravet\" \/>\n<meta property=\"article:modified_time\" content=\"2024-06-18T12:52:02+00:00\" \/>\n<meta property=\"og:image\" content=\"https:\/\/chalet-aravet.com\/wp-content\/uploads\/2024\/02\/sejour-serre-chevalier.webp\" \/>\n<meta name=\"twitter:card\" content=\"summary_large_image\" \/>\n<meta name=\"twitter:label1\" content=\"Estimated reading time\" \/>\n\t<meta name=\"twitter:data1\" content=\"2 minutes\" \/>\n<script type=\"application\/ld+json\" class=\"yoast-schema-graph\">{\"@context\":\"https:\/\/schema.org\",\"@graph\":[{\"@type\":\"WebPage\",\"@id\":\"https:\/\/chalet-aravet.com\/plans-chalet-aravet\/\",\"url\":\"https:\/\/chalet-aravet.com\/plans-chalet-aravet\/\",\"name\":\"Plans Chalet Aravet - Chalet Aravet\",\"isPartOf\":{\"@id\":\"https:\/\/chalet-aravet.com\/#website\"},\"primaryImageOfPage\":{\"@id\":\"https:\/\/chalet-aravet.com\/plans-chalet-aravet\/#primaryimage\"},\"image\":{\"@id\":\"https:\/\/chalet-aravet.com\/plans-chalet-aravet\/#primaryimage\"},\"thumbnailUrl\":\"https:\/\/chalet-aravet.com\/wp-content\/uploads\/2024\/02\/sejour-serre-chevalier.webp\",\"datePublished\":\"2023-07-27T13:39:09+00:00\",\"dateModified\":\"2024-06-18T12:52:02+00:00\",\"description\":\"D\u00e9couvrez les agencements de nos formules avec les plans du Chalet Aravet \u00e0 Serre Chevalier, compos\u00e9 de 4 niveaux.\",\"breadcrumb\":{\"@id\":\"https:\/\/chalet-aravet.com\/plans-chalet-aravet\/#breadcrumb\"},\"inLanguage\":\"en-GB\",\"potentialAction\":[{\"@type\":\"ReadAction\",\"target\":[\"https:\/\/chalet-aravet.com\/plans-chalet-aravet\/\"]}]},{\"@type\":\"ImageObject\",\"inLanguage\":\"en-GB\",\"@id\":\"https:\/\/chalet-aravet.com\/plans-chalet-aravet\/#primaryimage\",\"url\":\"https:\/\/chalet-aravet.com\/wp-content\/uploads\/2024\/02\/sejour-serre-chevalier.webp\",\"contentUrl\":\"https:\/\/chalet-aravet.com\/wp-content\/uploads\/2024\/02\/sejour-serre-chevalier.webp\"},{\"@type\":\"BreadcrumbList\",\"@id\":\"https:\/\/chalet-aravet.com\/plans-chalet-aravet\/#breadcrumb\",\"itemListElement\":[{\"@type\":\"ListItem\",\"position\":1,\"name\":\"Accueil\",\"item\":\"https:\/\/chalet-aravet.com\/\"},{\"@type\":\"ListItem\",\"position\":2,\"name\":\"Plans Chalet Aravet\"}]},{\"@type\":\"WebSite\",\"@id\":\"https:\/\/chalet-aravet.com\/#website\",\"url\":\"https:\/\/chalet-aravet.com\/\",\"name\":\"Chalet Aravet\",\"description\":\"\",\"publisher\":{\"@id\":\"https:\/\/chalet-aravet.com\/#organization\"},\"potentialAction\":[{\"@type\":\"SearchAction\",\"target\":{\"@type\":\"EntryPoint\",\"urlTemplate\":\"https:\/\/chalet-aravet.com\/?s={search_term_string}\"},\"query-input\":{\"@type\":\"PropertyValueSpecification\",\"valueRequired\":true,\"valueName\":\"search_term_string\"}}],\"inLanguage\":\"en-GB\"},{\"@type\":\"Organization\",\"@id\":\"https:\/\/chalet-aravet.com\/#organization\",\"name\":\"Chalet Aravet\",\"url\":\"https:\/\/chalet-aravet.com\/\",\"logo\":{\"@type\":\"ImageObject\",\"inLanguage\":\"en-GB\",\"@id\":\"https:\/\/chalet-aravet.com\/#\/schema\/logo\/image\/\",\"url\":\"https:\/\/chalet-aravet.com\/wp-content\/uploads\/2023\/06\/logo.svg\",\"contentUrl\":\"https:\/\/chalet-aravet.com\/wp-content\/uploads\/2023\/06\/logo.svg\",\"width\":1,\"height\":1,\"caption\":\"Chalet Aravet\"},\"image\":{\"@id\":\"https:\/\/chalet-aravet.com\/#\/schema\/logo\/image\/\"}}]}<\/script>\n<!-- \/ Yoast SEO plugin. -->","yoast_head_json":{"title":"Plans Chalet Aravet - Chalet Aravet","description":"D\u00e9couvrez les agencements de nos formules avec les plans du Chalet Aravet \u00e0 Serre Chevalier, compos\u00e9 de 4 niveaux.","robots":{"index":"index","follow":"follow","max-snippet":"max-snippet:-1","max-image-preview":"max-image-preview:large","max-video-preview":"max-video-preview:-1"},"canonical":"https:\/\/chalet-aravet.com\/en\/chalet-floor-plans\/","og_locale":"en_GB","og_type":"article","og_title":"Plans Chalet Aravet - Chalet Aravet","og_description":"D\u00e9couvrez les agencements de nos formules avec les plans du Chalet Aravet \u00e0 Serre Chevalier, compos\u00e9 de 4 niveaux.","og_url":"https:\/\/chalet-aravet.com\/en\/chalet-floor-plans\/","og_site_name":"Chalet Aravet","article_modified_time":"2024-06-18T12:52:02+00:00","og_image":[{"url":"https:\/\/chalet-aravet.com\/wp-content\/uploads\/2024\/02\/sejour-serre-chevalier.webp","type":"","width":"","height":""}],"twitter_card":"summary_large_image","twitter_misc":{"Estimated reading time":"2 minutes"},"schema":{"@context":"https:\/\/schema.org","@graph":[{"@type":"WebPage","@id":"https:\/\/chalet-aravet.com\/plans-chalet-aravet\/","url":"https:\/\/chalet-aravet.com\/plans-chalet-aravet\/","name":"Plans Chalet Aravet - Chalet Aravet","isPartOf":{"@id":"https:\/\/chalet-aravet.com\/#website"},"primaryImageOfPage":{"@id":"https:\/\/chalet-aravet.com\/plans-chalet-aravet\/#primaryimage"},"image":{"@id":"https:\/\/chalet-aravet.com\/plans-chalet-aravet\/#primaryimage"},"thumbnailUrl":"https:\/\/chalet-aravet.com\/wp-content\/uploads\/2024\/02\/sejour-serre-chevalier.webp","datePublished":"2023-07-27T13:39:09+00:00","dateModified":"2024-06-18T12:52:02+00:00","description":"D\u00e9couvrez les agencements de nos formules avec les plans du Chalet Aravet \u00e0 Serre Chevalier, compos\u00e9 de 4 niveaux.","breadcrumb":{"@id":"https:\/\/chalet-aravet.com\/plans-chalet-aravet\/#breadcrumb"},"inLanguage":"en-GB","potentialAction":[{"@type":"ReadAction","target":["https:\/\/chalet-aravet.com\/plans-chalet-aravet\/"]}]},{"@type":"ImageObject","inLanguage":"en-GB","@id":"https:\/\/chalet-aravet.com\/plans-chalet-aravet\/#primaryimage","url":"https:\/\/chalet-aravet.com\/wp-content\/uploads\/2024\/02\/sejour-serre-chevalier.webp","contentUrl":"https:\/\/chalet-aravet.com\/wp-content\/uploads\/2024\/02\/sejour-serre-chevalier.webp"},{"@type":"BreadcrumbList","@id":"https:\/\/chalet-aravet.com\/plans-chalet-aravet\/#breadcrumb","itemListElement":[{"@type":"ListItem","position":1,"name":"Accueil","item":"https:\/\/chalet-aravet.com\/"},{"@type":"ListItem","position":2,"name":"Plans Chalet Aravet"}]},{"@type":"WebSite","@id":"https:\/\/chalet-aravet.com\/#website","url":"https:\/\/chalet-aravet.com\/","name":"Chalet Aravet","description":"","publisher":{"@id":"https:\/\/chalet-aravet.com\/#organization"},"potentialAction":[{"@type":"SearchAction","target":{"@type":"EntryPoint","urlTemplate":"https:\/\/chalet-aravet.com\/?s={search_term_string}"},"query-input":{"@type":"PropertyValueSpecification","valueRequired":true,"valueName":"search_term_string"}}],"inLanguage":"en-GB"},{"@type":"Organization","@id":"https:\/\/chalet-aravet.com\/#organization","name":"Chalet Aravet","url":"https:\/\/chalet-aravet.com\/","logo":{"@type":"ImageObject","inLanguage":"en-GB","@id":"https:\/\/chalet-aravet.com\/#\/schema\/logo\/image\/","url":"https:\/\/chalet-aravet.com\/wp-content\/uploads\/2023\/06\/logo.svg","contentUrl":"https:\/\/chalet-aravet.com\/wp-content\/uploads\/2023\/06\/logo.svg","width":1,"height":1,"caption":"Chalet Aravet"},"image":{"@id":"https:\/\/chalet-aravet.com\/#\/schema\/logo\/image\/"}}]}},"_links":{"self":[{"href":"https:\/\/chalet-aravet.com\/en\/wp-json\/wp\/v2\/pages\/1342","targetHints":{"allow":["GET"]}}],"collection":[{"href":"https:\/\/chalet-aravet.com\/en\/wp-json\/wp\/v2\/pages"}],"about":[{"href":"https:\/\/chalet-aravet.com\/en\/wp-json\/wp\/v2\/types\/page"}],"author":[{"embeddable":true,"href":"https:\/\/chalet-aravet.com\/en\/wp-json\/wp\/v2\/users\/1"}],"replies":[{"embeddable":true,"href":"https:\/\/chalet-aravet.com\/en\/wp-json\/wp\/v2\/comments?post=1342"}],"version-history":[{"count":29,"href":"https:\/\/chalet-aravet.com\/en\/wp-json\/wp\/v2\/pages\/1342\/revisions"}],"predecessor-version":[{"id":2032,"href":"https:\/\/chalet-aravet.com\/en\/wp-json\/wp\/v2\/pages\/1342\/revisions\/2032"}],"wp:attachment":[{"href":"https:\/\/chalet-aravet.com\/en\/wp-json\/wp\/v2\/media?parent=1342"}],"curies":[{"name":"wp","href":"https:\/\/api.w.org\/{rel}","templated":true}]}}