{"id":18,"date":"2023-06-30T11:42:10","date_gmt":"2023-06-30T09:42:10","guid":{"rendered":"https:\/\/chalet-aravet.com\/?page_id=18"},"modified":"2024-02-29T17:04:00","modified_gmt":"2024-02-29T16:04:00","slug":"contact","status":"publish","type":"page","link":"https:\/\/chalet-aravet.com\/en\/contact\/","title":{"rendered":"Contact"},"content":{"rendered":"<div class=\"wp-block-cover alignfull banniere hide-mobile has-base-color has-text-color\"><span aria-hidden=\"true\" class=\"wp-block-cover__background has-background-dim-10 has-background-dim\"><\/span><img loading=\"lazy\" decoding=\"async\" width=\"1475\" height=\"982\" class=\"wp-block-cover__image-background wp-image-1829\" alt=\"Chalet Aravet \u00e0 Salle-les-Alpes\" src=\"https:\/\/chalet-aravet.com\/wp-content\/uploads\/2024\/02\/chalet-aravet-salle-les-alpes.webp\" data-object-fit=\"cover\" srcset=\"https:\/\/chalet-aravet.com\/wp-content\/uploads\/2024\/02\/chalet-aravet-salle-les-alpes.webp 1475w, https:\/\/chalet-aravet.com\/wp-content\/uploads\/2024\/02\/chalet-aravet-salle-les-alpes-300x200.webp 300w, https:\/\/chalet-aravet.com\/wp-content\/uploads\/2024\/02\/chalet-aravet-salle-les-alpes-1024x682.webp 1024w, https:\/\/chalet-aravet.com\/wp-content\/uploads\/2024\/02\/chalet-aravet-salle-les-alpes-768x511.webp 768w, https:\/\/chalet-aravet.com\/wp-content\/uploads\/2024\/02\/chalet-aravet-salle-les-alpes-18x12.webp 18w\" sizes=\"auto, (max-width: 1475px) 100vw, 1475px\" \/><div class=\"wp-block-cover__inner-container is-layout-flow wp-container-core-cover-is-layout-f5bb311e wp-block-cover-is-layout-flow\">\n<h1 class=\"wp-block-heading has-text-align-center has-x-large-font-size\">CONTACT US<\/h1>\n\n\n\n<p class=\"has-text-align-center\">Have a question? Select your request and fill in the form<\/p>\n\n\n\n<div class=\"wp-block-buttons is-content-justification-center is-layout-flex wp-container-core-buttons-is-layout-a89b3969 wp-block-buttons-is-layout-flex\">\n<div class=\"wp-block-button\"><a class=\"wp-block-button__link has-contrast-color has-base-background-color has-text-color has-background has-text-align-center wp-element-button\" href=\"https:\/\/chalet-aravet.com\/en\/serre-chevalier-chalet-reservations\/\">Book your stay<\/a><\/div>\n<\/div>\n<\/div><\/div>\n\n\n\n<div class=\"wp-block-cover alignfull banniere hide-desktop has-base-color has-text-color\"><span aria-hidden=\"true\" class=\"wp-block-cover__background has-background-dim-10 has-background-dim\"><\/span><img loading=\"lazy\" decoding=\"async\" width=\"1475\" height=\"982\" class=\"wp-block-cover__image-background wp-image-1829\" alt=\"Chalet Aravet \u00e0 Salle-les-Alpes\" src=\"https:\/\/chalet-aravet.com\/wp-content\/uploads\/2024\/02\/chalet-aravet-salle-les-alpes.webp\" data-object-fit=\"cover\" srcset=\"https:\/\/chalet-aravet.com\/wp-content\/uploads\/2024\/02\/chalet-aravet-salle-les-alpes.webp 1475w, https:\/\/chalet-aravet.com\/wp-content\/uploads\/2024\/02\/chalet-aravet-salle-les-alpes-300x200.webp 300w, https:\/\/chalet-aravet.com\/wp-content\/uploads\/2024\/02\/chalet-aravet-salle-les-alpes-1024x682.webp 1024w, https:\/\/chalet-aravet.com\/wp-content\/uploads\/2024\/02\/chalet-aravet-salle-les-alpes-768x511.webp 768w, https:\/\/chalet-aravet.com\/wp-content\/uploads\/2024\/02\/chalet-aravet-salle-les-alpes-18x12.webp 18w\" sizes=\"auto, (max-width: 1475px) 100vw, 1475px\" \/><div class=\"wp-block-cover__inner-container is-layout-flow wp-container-core-cover-is-layout-f5bb311e wp-block-cover-is-layout-flow\">\n<h1 class=\"wp-block-heading has-text-align-center has-x-large-font-size\">CONTACT US<\/h1>\n\n\n\n<p class=\"has-text-align-center\">Have a question? Select your request and fill in the form<\/p>\n\n\n\n<div class=\"wp-block-buttons is-content-justification-center is-layout-flex wp-container-core-buttons-is-layout-a89b3969 wp-block-buttons-is-layout-flex\">\n<div class=\"wp-block-button\"><a class=\"wp-block-button__link has-contrast-color has-base-background-color has-text-color has-background has-text-align-center wp-element-button\" href=\"https:\/\/chalet-aravet.com\/en\/serre-chevalier-chalet-reservations\/\">Book your stay<\/a><\/div>\n<\/div>\n<\/div><\/div>\n\n\n\n<div class=\"wp-block-group alignfull has-global-padding is-layout-constrained wp-block-group-is-layout-constrained\" style=\"padding-top:var(--wp--preset--spacing--60);padding-bottom:var(--wp--preset--spacing--60)\">\n<div class=\"wp-block-columns alignfull is-layout-flex wp-container-core-columns-is-layout-08c01c1c wp-block-columns-is-layout-flex\">\n<div class=\"wp-block-column col-form is-layout-flow wp-block-column-is-layout-flow\">\n<div class=\"wp-block-contact-form-7-contact-form-selector\">\n<div class=\"wpcf7 no-js\" id=\"wpcf7-f888-o1\" lang=\"fr-FR\" dir=\"ltr\" data-wpcf7-id=\"888\">\n<div class=\"screen-reader-response\"><p role=\"status\" aria-live=\"polite\" aria-atomic=\"true\"><\/p> <ul><\/ul><\/div>\n<form action=\"\/en\/wp-json\/wp\/v2\/pages\/18#wpcf7-f888-o1\" method=\"post\" class=\"wpcf7-form init\" aria-label=\"Form\" novalidate=\"novalidate\" data-status=\"init\" data-trp-original-action=\"\/en\/wp-json\/wp\/v2\/pages\/18#wpcf7-f888-o1\">\n<fieldset class=\"hidden-fields-container\"><input type=\"hidden\" name=\"_wpcf7\" value=\"888\" \/><input type=\"hidden\" name=\"_wpcf7_version\" value=\"6.1.4\" \/><input type=\"hidden\" name=\"_wpcf7_locale\" value=\"fr_FR\" \/><input type=\"hidden\" name=\"_wpcf7_unit_tag\" value=\"wpcf7-f888-o1\" \/><input type=\"hidden\" name=\"_wpcf7_container_post\" value=\"0\" \/><input type=\"hidden\" name=\"_wpcf7_posted_data_hash\" value=\"\" \/>\n<\/fieldset>\n<p><label>Request<span class=\"wpcf7-form-control-wrap\" data-name=\"sujet\"><select class=\"wpcf7-form-control wpcf7-select\" aria-invalid=\"false\" name=\"sujet\"><option value=\"Location\">Location<\/option><option value=\"Services\">Services<\/option><option value=\"Station\">Resort<\/option><option value=\"Autre\">Other<\/option><\/select><\/span><\/label>\n<\/p>\n<div class=\"half-col-container\">\n\t<div class=\"half-col\">\n\t\t<p><label>Name<span class=\"wpcf7-form-control-wrap\" data-name=\"nom\"><input size=\"40\" maxlength=\"400\" class=\"wpcf7-form-control wpcf7-text wpcf7-validates-as-required\" autocomplete=\"name\" aria-required=\"true\" aria-invalid=\"false\" placeholder=\"Name\" value=\"\" type=\"text\" name=\"nom\" \/><\/span><\/label>\n\t\t<\/p>\n\t<\/div>\n\t<div class=\"half-col\">\n\t\t<p><label>First name<span class=\"wpcf7-form-control-wrap\" data-name=\"prenom\"><input size=\"40\" maxlength=\"400\" class=\"wpcf7-form-control wpcf7-text wpcf7-validates-as-required\" autocomplete=\"name\" aria-required=\"true\" aria-invalid=\"false\" placeholder=\"First name\" value=\"\" type=\"text\" name=\"prenom\" \/><\/span><\/label>\n\t\t<\/p>\n\t<\/div>\n<\/div>\n<p><label>Phone<span class=\"wpcf7-form-control-wrap\" data-name=\"tel\"><input size=\"40\" maxlength=\"400\" class=\"wpcf7-form-control wpcf7-tel wpcf7-text wpcf7-validates-as-tel\" aria-invalid=\"false\" placeholder=\"Phone\" value=\"\" type=\"tel\" name=\"tel\" \/><\/span><\/label>\n<\/p>\n<p><label>E-mail<span class=\"wpcf7-form-control-wrap\" data-name=\"email\"><input size=\"40\" maxlength=\"400\" class=\"wpcf7-form-control wpcf7-email wpcf7-validates-as-required wpcf7-text wpcf7-validates-as-email\" autocomplete=\"email\" aria-required=\"true\" aria-invalid=\"false\" placeholder=\"E-mail\" value=\"\" type=\"email\" name=\"email\" \/><\/span><\/label>\n<\/p>\n<p><label>Message<span class=\"wpcf7-form-control-wrap\" data-name=\"message\"><textarea cols=\"40\" rows=\"10\" maxlength=\"2000\" class=\"wpcf7-form-control wpcf7-textarea\" aria-invalid=\"false\" placeholder=\"Write your message...\" name=\"message\"><\/textarea><\/span><\/label>\n<\/p>\n<div class=\"acceptance-container\">\n\t<div class=\"checkbox-container\">\n\t\t<p><span class=\"wpcf7-form-control-wrap\" data-name=\"acceptance\"><span class=\"wpcf7-form-control wpcf7-acceptance\"><span class=\"wpcf7-list-item\"><input type=\"checkbox\" name=\"acceptance\" value=\"1\" aria-invalid=\"false\" \/><\/span><\/span><\/span>\n\t\t<\/p>\n\t<\/div>\n\t<div class=\"acceptance-text-container\">\n\t\t<p>En cochant cette case et en soumettant ce formulaire, j'accepte que les informations saisies soient stock\u00e9es et exploit\u00e9es dans le cadre de ma demande et de la relation commerciale qui peut en d\u00e9couler. Pour plus d'informations sur l'utilisation et la protection de vos donn\u00e9es, consultez notre page <a href=\"https:\/\/chalet-aravet.com\/en\/privacy\/\">privacy policy.<\/a>\n\t\t<\/p>\n\t<\/div>\n<\/div>\n<p><input class=\"wpcf7-form-control wpcf7-submit has-spinner\" type=\"submit\" value=\"Send\" \/>\n<\/p><div class=\"wpcf7-response-output\" aria-hidden=\"true\"><\/div>\n<input type=\"hidden\" name=\"trp-form-language\" value=\"en\"\/><\/form>\n<\/div>\n<\/div>\n<\/div>\n\n\n\n<div class=\"wp-block-column is-layout-flow wp-block-column-is-layout-flow\">\n<div id=\"mapAravet\"><\/div>\n<\/div>\n<\/div>\n<\/div>","protected":false},"excerpt":{"rendered":"","protected":false},"author":1,"featured_media":0,"parent":0,"menu_order":0,"comment_status":"closed","ping_status":"closed","template":"","meta":{"footnotes":""},"class_list":["post-18","page","type-page","status-publish","hentry"],"yoast_head":"<!-- This site is optimized with the Yoast SEO plugin v26.5 - https:\/\/yoast.com\/wordpress\/plugins\/seo\/ -->\n<title>Location chalet luxe Serre Chevalier, contactez-nous - Aravet<\/title>\n<meta name=\"description\" content=\"Vous recherchez un chalet de luxe \u00e0 louer \u00e0 Serre Chevalier ? Contactez notre \u00e9quipe pour obtenir tous les d\u00e9tails et r\u00e9server votre s\u00e9jour.\" \/>\n<meta name=\"robots\" content=\"index, follow, max-snippet:-1, max-image-preview:large, max-video-preview:-1\" \/>\n<link rel=\"canonical\" href=\"https:\/\/chalet-aravet.com\/en\/contact\/\" \/>\n<meta property=\"og:locale\" content=\"en_GB\" \/>\n<meta property=\"og:type\" content=\"article\" \/>\n<meta property=\"og:title\" content=\"Location chalet luxe Serre Chevalier, contactez-nous - Aravet\" \/>\n<meta property=\"og:description\" content=\"Vous recherchez un chalet de luxe \u00e0 louer \u00e0 Serre Chevalier ? Contactez notre \u00e9quipe pour obtenir tous les d\u00e9tails et r\u00e9server votre s\u00e9jour.\" \/>\n<meta property=\"og:url\" content=\"https:\/\/chalet-aravet.com\/en\/contact\/\" \/>\n<meta property=\"og:site_name\" content=\"Chalet Aravet\" \/>\n<meta property=\"article:modified_time\" content=\"2024-02-29T16:04:00+00:00\" \/>\n<meta property=\"og:image\" content=\"https:\/\/chalet-aravet.com\/wp-content\/uploads\/2024\/02\/chalet-aravet-salle-les-alpes.webp\" \/>\n<meta name=\"twitter:card\" content=\"summary_large_image\" \/>\n<meta name=\"twitter:label1\" content=\"Estimated reading time\" \/>\n\t<meta name=\"twitter:data1\" content=\"1 minute\" \/>\n<script type=\"application\/ld+json\" class=\"yoast-schema-graph\">{\"@context\":\"https:\/\/schema.org\",\"@graph\":[{\"@type\":\"WebPage\",\"@id\":\"https:\/\/chalet-aravet.com\/contact\/\",\"url\":\"https:\/\/chalet-aravet.com\/contact\/\",\"name\":\"Location chalet luxe Serre Chevalier, contactez-nous - Aravet\",\"isPartOf\":{\"@id\":\"https:\/\/chalet-aravet.com\/#website\"},\"primaryImageOfPage\":{\"@id\":\"https:\/\/chalet-aravet.com\/contact\/#primaryimage\"},\"image\":{\"@id\":\"https:\/\/chalet-aravet.com\/contact\/#primaryimage\"},\"thumbnailUrl\":\"https:\/\/chalet-aravet.com\/wp-content\/uploads\/2024\/02\/chalet-aravet-salle-les-alpes.webp\",\"datePublished\":\"2023-06-30T09:42:10+00:00\",\"dateModified\":\"2024-02-29T16:04:00+00:00\",\"description\":\"Vous recherchez un chalet de luxe \u00e0 louer \u00e0 Serre Chevalier ? Contactez notre \u00e9quipe pour obtenir tous les d\u00e9tails et r\u00e9server votre s\u00e9jour.\",\"breadcrumb\":{\"@id\":\"https:\/\/chalet-aravet.com\/contact\/#breadcrumb\"},\"inLanguage\":\"en-GB\",\"potentialAction\":[{\"@type\":\"ReadAction\",\"target\":[\"https:\/\/chalet-aravet.com\/contact\/\"]}]},{\"@type\":\"ImageObject\",\"inLanguage\":\"en-GB\",\"@id\":\"https:\/\/chalet-aravet.com\/contact\/#primaryimage\",\"url\":\"https:\/\/chalet-aravet.com\/wp-content\/uploads\/2024\/02\/chalet-aravet-salle-les-alpes.webp\",\"contentUrl\":\"https:\/\/chalet-aravet.com\/wp-content\/uploads\/2024\/02\/chalet-aravet-salle-les-alpes.webp\"},{\"@type\":\"BreadcrumbList\",\"@id\":\"https:\/\/chalet-aravet.com\/contact\/#breadcrumb\",\"itemListElement\":[{\"@type\":\"ListItem\",\"position\":1,\"name\":\"Accueil\",\"item\":\"https:\/\/chalet-aravet.com\/\"},{\"@type\":\"ListItem\",\"position\":2,\"name\":\"Contact\"}]},{\"@type\":\"WebSite\",\"@id\":\"https:\/\/chalet-aravet.com\/#website\",\"url\":\"https:\/\/chalet-aravet.com\/\",\"name\":\"Chalet Aravet\",\"description\":\"\",\"publisher\":{\"@id\":\"https:\/\/chalet-aravet.com\/#organization\"},\"potentialAction\":[{\"@type\":\"SearchAction\",\"target\":{\"@type\":\"EntryPoint\",\"urlTemplate\":\"https:\/\/chalet-aravet.com\/?s={search_term_string}\"},\"query-input\":{\"@type\":\"PropertyValueSpecification\",\"valueRequired\":true,\"valueName\":\"search_term_string\"}}],\"inLanguage\":\"en-GB\"},{\"@type\":\"Organization\",\"@id\":\"https:\/\/chalet-aravet.com\/#organization\",\"name\":\"Chalet Aravet\",\"url\":\"https:\/\/chalet-aravet.com\/\",\"logo\":{\"@type\":\"ImageObject\",\"inLanguage\":\"en-GB\",\"@id\":\"https:\/\/chalet-aravet.com\/#\/schema\/logo\/image\/\",\"url\":\"https:\/\/chalet-aravet.com\/wp-content\/uploads\/2023\/06\/logo.svg\",\"contentUrl\":\"https:\/\/chalet-aravet.com\/wp-content\/uploads\/2023\/06\/logo.svg\",\"width\":1,\"height\":1,\"caption\":\"Chalet Aravet\"},\"image\":{\"@id\":\"https:\/\/chalet-aravet.com\/#\/schema\/logo\/image\/\"}}]}<\/script>\n<!-- \/ Yoast SEO plugin. -->","yoast_head_json":{"title":"Location chalet luxe Serre Chevalier, contactez-nous - Aravet","description":"Vous recherchez un chalet de luxe \u00e0 louer \u00e0 Serre Chevalier ? Contactez notre \u00e9quipe pour obtenir tous les d\u00e9tails et r\u00e9server votre s\u00e9jour.","robots":{"index":"index","follow":"follow","max-snippet":"max-snippet:-1","max-image-preview":"max-image-preview:large","max-video-preview":"max-video-preview:-1"},"canonical":"https:\/\/chalet-aravet.com\/en\/contact\/","og_locale":"en_GB","og_type":"article","og_title":"Location chalet luxe Serre Chevalier, contactez-nous - Aravet","og_description":"Vous recherchez un chalet de luxe \u00e0 louer \u00e0 Serre Chevalier ? Contactez notre \u00e9quipe pour obtenir tous les d\u00e9tails et r\u00e9server votre s\u00e9jour.","og_url":"https:\/\/chalet-aravet.com\/en\/contact\/","og_site_name":"Chalet Aravet","article_modified_time":"2024-02-29T16:04:00+00:00","og_image":[{"url":"https:\/\/chalet-aravet.com\/wp-content\/uploads\/2024\/02\/chalet-aravet-salle-les-alpes.webp","type":"","width":"","height":""}],"twitter_card":"summary_large_image","twitter_misc":{"Estimated reading time":"1 minute"},"schema":{"@context":"https:\/\/schema.org","@graph":[{"@type":"WebPage","@id":"https:\/\/chalet-aravet.com\/contact\/","url":"https:\/\/chalet-aravet.com\/contact\/","name":"Location chalet luxe Serre Chevalier, contactez-nous - Aravet","isPartOf":{"@id":"https:\/\/chalet-aravet.com\/#website"},"primaryImageOfPage":{"@id":"https:\/\/chalet-aravet.com\/contact\/#primaryimage"},"image":{"@id":"https:\/\/chalet-aravet.com\/contact\/#primaryimage"},"thumbnailUrl":"https:\/\/chalet-aravet.com\/wp-content\/uploads\/2024\/02\/chalet-aravet-salle-les-alpes.webp","datePublished":"2023-06-30T09:42:10+00:00","dateModified":"2024-02-29T16:04:00+00:00","description":"Vous recherchez un chalet de luxe \u00e0 louer \u00e0 Serre Chevalier ? Contactez notre \u00e9quipe pour obtenir tous les d\u00e9tails et r\u00e9server votre s\u00e9jour.","breadcrumb":{"@id":"https:\/\/chalet-aravet.com\/contact\/#breadcrumb"},"inLanguage":"en-GB","potentialAction":[{"@type":"ReadAction","target":["https:\/\/chalet-aravet.com\/contact\/"]}]},{"@type":"ImageObject","inLanguage":"en-GB","@id":"https:\/\/chalet-aravet.com\/contact\/#primaryimage","url":"https:\/\/chalet-aravet.com\/wp-content\/uploads\/2024\/02\/chalet-aravet-salle-les-alpes.webp","contentUrl":"https:\/\/chalet-aravet.com\/wp-content\/uploads\/2024\/02\/chalet-aravet-salle-les-alpes.webp"},{"@type":"BreadcrumbList","@id":"https:\/\/chalet-aravet.com\/contact\/#breadcrumb","itemListElement":[{"@type":"ListItem","position":1,"name":"Accueil","item":"https:\/\/chalet-aravet.com\/"},{"@type":"ListItem","position":2,"name":"Contact"}]},{"@type":"WebSite","@id":"https:\/\/chalet-aravet.com\/#website","url":"https:\/\/chalet-aravet.com\/","name":"Chalet Aravet","description":"","publisher":{"@id":"https:\/\/chalet-aravet.com\/#organization"},"potentialAction":[{"@type":"SearchAction","target":{"@type":"EntryPoint","urlTemplate":"https:\/\/chalet-aravet.com\/?s={search_term_string}"},"query-input":{"@type":"PropertyValueSpecification","valueRequired":true,"valueName":"search_term_string"}}],"inLanguage":"en-GB"},{"@type":"Organization","@id":"https:\/\/chalet-aravet.com\/#organization","name":"Chalet Aravet","url":"https:\/\/chalet-aravet.com\/","logo":{"@type":"ImageObject","inLanguage":"en-GB","@id":"https:\/\/chalet-aravet.com\/#\/schema\/logo\/image\/","url":"https:\/\/chalet-aravet.com\/wp-content\/uploads\/2023\/06\/logo.svg","contentUrl":"https:\/\/chalet-aravet.com\/wp-content\/uploads\/2023\/06\/logo.svg","width":1,"height":1,"caption":"Chalet Aravet"},"image":{"@id":"https:\/\/chalet-aravet.com\/#\/schema\/logo\/image\/"}}]}},"_links":{"self":[{"href":"https:\/\/chalet-aravet.com\/en\/wp-json\/wp\/v2\/pages\/18","targetHints":{"allow":["GET"]}}],"collection":[{"href":"https:\/\/chalet-aravet.com\/en\/wp-json\/wp\/v2\/pages"}],"about":[{"href":"https:\/\/chalet-aravet.com\/en\/wp-json\/wp\/v2\/types\/page"}],"author":[{"embeddable":true,"href":"https:\/\/chalet-aravet.com\/en\/wp-json\/wp\/v2\/users\/1"}],"replies":[{"embeddable":true,"href":"https:\/\/chalet-aravet.com\/en\/wp-json\/wp\/v2\/comments?post=18"}],"version-history":[{"count":7,"href":"https:\/\/chalet-aravet.com\/en\/wp-json\/wp\/v2\/pages\/18\/revisions"}],"predecessor-version":[{"id":1898,"href":"https:\/\/chalet-aravet.com\/en\/wp-json\/wp\/v2\/pages\/18\/revisions\/1898"}],"wp:attachment":[{"href":"https:\/\/chalet-aravet.com\/en\/wp-json\/wp\/v2\/media?parent=18"}],"curies":[{"name":"wp","href":"https:\/\/api.w.org\/{rel}","templated":true}]}}