{"id":889,"date":"2023-07-07T10:37:10","date_gmt":"2023-07-07T08:37:10","guid":{"rendered":"https:\/\/chalet-aravet.com\/?page_id=889"},"modified":"2024-02-29T17:06:32","modified_gmt":"2024-02-29T16:06:32","slug":"mentions-legales","status":"publish","type":"page","link":"https:\/\/chalet-aravet.com\/en\/legal-information\/","title":{"rendered":"Legal"},"content":{"rendered":"<div class=\"wp-block-cover alignfull banniere\"><span aria-hidden=\"true\" class=\"wp-block-cover__background has-background-dim-30 has-background-dim\"><\/span><img loading=\"lazy\" decoding=\"async\" width=\"1766\" height=\"1179\" class=\"wp-block-cover__image-background wp-image-1816\" alt=\"Chalet Aravet h\u00e9bergement de luxe\" src=\"https:\/\/chalet-aravet.com\/wp-content\/uploads\/2024\/02\/chalet-aravet.webp\" data-object-fit=\"cover\" srcset=\"https:\/\/chalet-aravet.com\/wp-content\/uploads\/2024\/02\/chalet-aravet.webp 1766w, https:\/\/chalet-aravet.com\/wp-content\/uploads\/2024\/02\/chalet-aravet-300x200.webp 300w, https:\/\/chalet-aravet.com\/wp-content\/uploads\/2024\/02\/chalet-aravet-1024x684.webp 1024w, https:\/\/chalet-aravet.com\/wp-content\/uploads\/2024\/02\/chalet-aravet-768x513.webp 768w, https:\/\/chalet-aravet.com\/wp-content\/uploads\/2024\/02\/chalet-aravet-1536x1025.webp 1536w, https:\/\/chalet-aravet.com\/wp-content\/uploads\/2024\/02\/chalet-aravet-18x12.webp 18w\" sizes=\"auto, (max-width: 1766px) 100vw, 1766px\" \/><div class=\"wp-block-cover__inner-container is-layout-flow wp-block-cover-is-layout-flow\">\n<h1 class=\"wp-block-heading has-text-align-center has-x-large-font-size\">LEGAL INFORMATION<\/h1>\n\n\n\n<p class=\"has-text-align-center\" style=\"margin-top:var(--wp--preset--spacing--30);margin-bottom:var(--wp--preset--spacing--30)\">All legal and regulatory information concerning our site<\/p>\n\n\n\n<div class=\"wp-block-buttons is-content-justification-center is-layout-flex wp-container-core-buttons-is-layout-a89b3969 wp-block-buttons-is-layout-flex\">\n<div class=\"wp-block-button\"><a class=\"wp-block-button__link has-contrast-color has-base-background-color has-text-color has-background has-text-align-center wp-element-button\">Book your stay<\/a><\/div>\n<\/div>\n<\/div><\/div>\n\n\n\n<div class=\"wp-block-group alignwide has-global-padding is-layout-constrained wp-block-group-is-layout-constrained\">\n<div class=\"wp-block-columns alignwide is-layout-flex wp-container-core-columns-is-layout-a54e0cfc wp-block-columns-is-layout-flex\" style=\"padding-top:var(--wp--preset--spacing--60);padding-bottom:var(--wp--preset--spacing--60)\">\n<div class=\"wp-block-column is-vertically-aligned-center is-layout-flow wp-container-core-column-is-layout-3867d77c wp-block-column-is-layout-flow\" style=\"padding-top:0;padding-right:var(--wp--preset--spacing--60);padding-bottom:0\">\n<h3 class=\"wp-block-heading titre-nombre has-large-font-size\">Regulatory and policy information on our site<\/h3>\n\n\n\n<p><strong>PUBLISHER:<\/strong>&nbsp;Chalet Aravet - Place de l'Aravet, 05240 <strong>La Salle-les-Alpes<\/strong> \u2013 FRANCE.<\/p>\n\n\n\n<p class=\"has-contrast-color has-text-color has-link-color wp-elements-11002d06ead19ca295ceca1d8fcc8163\"><strong>Tel :<\/strong>&nbsp;<a href=\"tel:+330616964071\">+33 (0)6 16 96 40 71<\/a><br>R.C.S Fr\u00e9jus 842 800 450 \u2013 TVA FR 41 842 800 450<\/p>\n\n\n\n<p><strong>PRODUCTION :<\/strong>&nbsp;MEDIACO LEVAGE, Service informatique &amp; communication, Espace Jean-Jacques Vernazza 17 avenue Andr\u00e9 Roussin 13016 MARSEILLE \u2013 FRANCE.<\/p>\n\n\n\n<p><strong>Tel :<\/strong>&nbsp;+33(0) 4.91.03.81.91 \u2013 www.mediaco-groupe.com<\/p>\n\n\n\n<p><strong>HOST :<\/strong>&nbsp;OVH SAS, 2 Rue Kellermann 59100 Roubaix.<\/p>\n\n\n\n<p><strong>ILLUSTRATION &amp; TEXT :<\/strong>&nbsp;\u00a9Chalet Aravet. Any reproduction, in whole or in part, in any form whatsoever, is prohibited without prior authorisation from the author.<\/p>\n\n\n\n<p><strong>PHOTOS :<\/strong>&nbsp;\u00a9Studio Erick Saillet.<\/p>\n<\/div>\n\n\n\n<div class=\"wp-block-column is-vertically-aligned-center is-layout-flow wp-block-column-is-layout-flow\">\n<figure class=\"wp-block-image size-large\"><img loading=\"lazy\" decoding=\"async\" width=\"1024\" height=\"968\" src=\"https:\/\/chalet-aravet.com\/wp-content\/uploads\/2024\/02\/chalet-luxe-serre-chevalier-1024x968.webp\" alt=\"R\u00e9server votre chalet de luxe dans les Alpes du Sud\" class=\"wp-image-1835\" srcset=\"https:\/\/chalet-aravet.com\/wp-content\/uploads\/2024\/02\/chalet-luxe-serre-chevalier-1024x968.webp 1024w, https:\/\/chalet-aravet.com\/wp-content\/uploads\/2024\/02\/chalet-luxe-serre-chevalier-300x284.webp 300w, https:\/\/chalet-aravet.com\/wp-content\/uploads\/2024\/02\/chalet-luxe-serre-chevalier-768x726.webp 768w, https:\/\/chalet-aravet.com\/wp-content\/uploads\/2024\/02\/chalet-luxe-serre-chevalier-1536x1453.webp 1536w, https:\/\/chalet-aravet.com\/wp-content\/uploads\/2024\/02\/chalet-luxe-serre-chevalier-13x12.webp 13w, https:\/\/chalet-aravet.com\/wp-content\/uploads\/2024\/02\/chalet-luxe-serre-chevalier.webp 1586w\" sizes=\"auto, (max-width: 1024px) 100vw, 1024px\" \/><\/figure>\n<\/div>\n<\/div>\n<\/div>\n\n\n\n<div class=\"wp-block-group alignwide has-global-padding is-layout-constrained wp-container-core-group-is-layout-286eb99f wp-block-group-is-layout-constrained\" style=\"padding-top:0;padding-bottom:0\">\n<p class=\"has-text-align-left\" style=\"padding-top:0;padding-right:0;padding-bottom:0;padding-left:0\"><strong>RIGHTS OF THE USERS ON THEIR DATA :<\/strong>&nbsp;In accordance with the Data Protection Act, and the regulations applicable to personal data, the users of this site have the following rights:<\/p>\n\n\n\n<ul class=\"wp-block-list\">\n<li>Right of access<\/li>\n\n\n\n<li>Right of rectification<\/li>\n\n\n\n<li>Right of deletion<\/li>\n\n\n\n<li>Right to limitation<\/li>\n\n\n\n<li>Right to object<\/li>\n\n\n\n<li>Right to portability<\/li>\n<\/ul>\n\n\n\n<p>You may exercise any of these rights at any time by sending a letter with valid proof of identity to the following address:&nbsp;<strong>Chalet Aravet - Place de l'Aravet, 05240 <strong>La Salle-les-Alpes<\/strong> \u2013 FRANCE.<\/strong><\/p>\n\n\n\n<p>The service will then intervene as soon as possible after receiving your request. The service will then intervene as soon as possible upon receipt of your request.<\/p>\n\n\n\n<p><strong>USE OF PERSONAL DATA :<\/strong>&nbsp;CHALET ARAVET only collects and uses personal data that are essential for the proper functioning of the site and the use of its services. The following elements are likely to involve personal data:<\/p>\n\n\n\n<ul class=\"wp-block-list\">\n<li>Contact forms<\/li>\n\n\n\n<li>Reservations<\/li>\n<\/ul>\n\n\n\n<p>The entire processing of this data is based on the legal basis of consent, mentioned in Article 6 of the RGPD (https:\/\/www.cnil.fr\/fr\/reglement-europeen-protection-donnees\/chapitre2#Article6). This consent is explicitly required in the form of checkboxes in the forms on the site. CHALET ARAVET informs you that all personal data that you may communicate to it via this site is intended solely for the company's authorised personnel and will not be transmitted to any third party.<\/p>\n<\/div>","protected":false},"excerpt":{"rendered":"<p>Informations r\u00e8glementaires et politiques de notre site \u00c9DITEUR :&nbsp;Chalet Aravet - Place de l'Aravet, 05240 La Salle-les-Alpes \u2013 FRANCE. T\u00e9l :&nbsp;+33 (0)6 16 96 40 71R.C.S Fr\u00e9jus 842 800 450 \u2013 TVA FR 41 842 800 450 R\u00c9ALISATION :&nbsp;MEDIACO LEVAGE, Service informatique &amp; communication, Espace Jean-Jacques Vernazza 17 avenue Andr\u00e9 Roussin 13016 MARSEILLE \u2013 FRANCE. [&hellip;]<\/p>","protected":false},"author":1,"featured_media":0,"parent":0,"menu_order":0,"comment_status":"closed","ping_status":"closed","template":"","meta":{"footnotes":""},"class_list":["post-889","page","type-page","status-publish","hentry"],"yoast_head":"<!-- This site is optimized with the Yoast SEO plugin v26.5 - https:\/\/yoast.com\/wordpress\/plugins\/seo\/ -->\n<title>Mentions l\u00e9gales - Chalet Aravet<\/title>\n<meta name=\"description\" content=\"Consultez nos mentions l\u00e9gales pour obtenir toutes les informations l\u00e9gales et r\u00e8glementaires concernant notre site.\" \/>\n<meta name=\"robots\" content=\"index, follow, max-snippet:-1, max-image-preview:large, max-video-preview:-1\" \/>\n<link rel=\"canonical\" href=\"https:\/\/chalet-aravet.com\/en\/legal-information\/\" \/>\n<meta property=\"og:locale\" content=\"en_GB\" \/>\n<meta property=\"og:type\" content=\"article\" \/>\n<meta property=\"og:title\" content=\"Mentions l\u00e9gales - Chalet Aravet\" \/>\n<meta property=\"og:description\" content=\"Consultez nos mentions l\u00e9gales pour obtenir toutes les informations l\u00e9gales et r\u00e8glementaires concernant notre site.\" \/>\n<meta property=\"og:url\" content=\"https:\/\/chalet-aravet.com\/en\/legal-information\/\" \/>\n<meta property=\"og:site_name\" content=\"Chalet Aravet\" \/>\n<meta property=\"article:modified_time\" content=\"2024-02-29T16:06:32+00:00\" \/>\n<meta property=\"og:image\" content=\"https:\/\/chalet-aravet.com\/wp-content\/uploads\/2024\/02\/chalet-aravet.webp\" \/>\n<meta name=\"twitter:card\" content=\"summary_large_image\" \/>\n<meta name=\"twitter:label1\" content=\"Estimated reading time\" \/>\n\t<meta name=\"twitter:data1\" content=\"3 minutes\" \/>\n<script type=\"application\/ld+json\" class=\"yoast-schema-graph\">{\"@context\":\"https:\/\/schema.org\",\"@graph\":[{\"@type\":\"WebPage\",\"@id\":\"https:\/\/chalet-aravet.com\/mentions-legales\/\",\"url\":\"https:\/\/chalet-aravet.com\/mentions-legales\/\",\"name\":\"Mentions l\u00e9gales - Chalet Aravet\",\"isPartOf\":{\"@id\":\"https:\/\/chalet-aravet.com\/#website\"},\"primaryImageOfPage\":{\"@id\":\"https:\/\/chalet-aravet.com\/mentions-legales\/#primaryimage\"},\"image\":{\"@id\":\"https:\/\/chalet-aravet.com\/mentions-legales\/#primaryimage\"},\"thumbnailUrl\":\"https:\/\/chalet-aravet.com\/wp-content\/uploads\/2024\/02\/chalet-aravet.webp\",\"datePublished\":\"2023-07-07T08:37:10+00:00\",\"dateModified\":\"2024-02-29T16:06:32+00:00\",\"description\":\"Consultez nos mentions l\u00e9gales pour obtenir toutes les informations l\u00e9gales et r\u00e8glementaires concernant notre site.\",\"breadcrumb\":{\"@id\":\"https:\/\/chalet-aravet.com\/mentions-legales\/#breadcrumb\"},\"inLanguage\":\"en-GB\",\"potentialAction\":[{\"@type\":\"ReadAction\",\"target\":[\"https:\/\/chalet-aravet.com\/mentions-legales\/\"]}]},{\"@type\":\"ImageObject\",\"inLanguage\":\"en-GB\",\"@id\":\"https:\/\/chalet-aravet.com\/mentions-legales\/#primaryimage\",\"url\":\"https:\/\/chalet-aravet.com\/wp-content\/uploads\/2024\/02\/chalet-aravet.webp\",\"contentUrl\":\"https:\/\/chalet-aravet.com\/wp-content\/uploads\/2024\/02\/chalet-aravet.webp\"},{\"@type\":\"BreadcrumbList\",\"@id\":\"https:\/\/chalet-aravet.com\/mentions-legales\/#breadcrumb\",\"itemListElement\":[{\"@type\":\"ListItem\",\"position\":1,\"name\":\"Accueil\",\"item\":\"https:\/\/chalet-aravet.com\/\"},{\"@type\":\"ListItem\",\"position\":2,\"name\":\"Mentions l\u00e9gales\"}]},{\"@type\":\"WebSite\",\"@id\":\"https:\/\/chalet-aravet.com\/#website\",\"url\":\"https:\/\/chalet-aravet.com\/\",\"name\":\"Chalet Aravet\",\"description\":\"\",\"publisher\":{\"@id\":\"https:\/\/chalet-aravet.com\/#organization\"},\"potentialAction\":[{\"@type\":\"SearchAction\",\"target\":{\"@type\":\"EntryPoint\",\"urlTemplate\":\"https:\/\/chalet-aravet.com\/?s={search_term_string}\"},\"query-input\":{\"@type\":\"PropertyValueSpecification\",\"valueRequired\":true,\"valueName\":\"search_term_string\"}}],\"inLanguage\":\"en-GB\"},{\"@type\":\"Organization\",\"@id\":\"https:\/\/chalet-aravet.com\/#organization\",\"name\":\"Chalet Aravet\",\"url\":\"https:\/\/chalet-aravet.com\/\",\"logo\":{\"@type\":\"ImageObject\",\"inLanguage\":\"en-GB\",\"@id\":\"https:\/\/chalet-aravet.com\/#\/schema\/logo\/image\/\",\"url\":\"https:\/\/chalet-aravet.com\/wp-content\/uploads\/2023\/06\/logo.svg\",\"contentUrl\":\"https:\/\/chalet-aravet.com\/wp-content\/uploads\/2023\/06\/logo.svg\",\"width\":1,\"height\":1,\"caption\":\"Chalet Aravet\"},\"image\":{\"@id\":\"https:\/\/chalet-aravet.com\/#\/schema\/logo\/image\/\"}}]}<\/script>\n<!-- \/ Yoast SEO plugin. -->","yoast_head_json":{"title":"Mentions l\u00e9gales - Chalet Aravet","description":"Consultez nos mentions l\u00e9gales pour obtenir toutes les informations l\u00e9gales et r\u00e8glementaires concernant notre site.","robots":{"index":"index","follow":"follow","max-snippet":"max-snippet:-1","max-image-preview":"max-image-preview:large","max-video-preview":"max-video-preview:-1"},"canonical":"https:\/\/chalet-aravet.com\/en\/legal-information\/","og_locale":"en_GB","og_type":"article","og_title":"Mentions l\u00e9gales - Chalet Aravet","og_description":"Consultez nos mentions l\u00e9gales pour obtenir toutes les informations l\u00e9gales et r\u00e8glementaires concernant notre site.","og_url":"https:\/\/chalet-aravet.com\/en\/legal-information\/","og_site_name":"Chalet Aravet","article_modified_time":"2024-02-29T16:06:32+00:00","og_image":[{"url":"https:\/\/chalet-aravet.com\/wp-content\/uploads\/2024\/02\/chalet-aravet.webp","type":"","width":"","height":""}],"twitter_card":"summary_large_image","twitter_misc":{"Estimated reading time":"3 minutes"},"schema":{"@context":"https:\/\/schema.org","@graph":[{"@type":"WebPage","@id":"https:\/\/chalet-aravet.com\/mentions-legales\/","url":"https:\/\/chalet-aravet.com\/mentions-legales\/","name":"Mentions l\u00e9gales - Chalet Aravet","isPartOf":{"@id":"https:\/\/chalet-aravet.com\/#website"},"primaryImageOfPage":{"@id":"https:\/\/chalet-aravet.com\/mentions-legales\/#primaryimage"},"image":{"@id":"https:\/\/chalet-aravet.com\/mentions-legales\/#primaryimage"},"thumbnailUrl":"https:\/\/chalet-aravet.com\/wp-content\/uploads\/2024\/02\/chalet-aravet.webp","datePublished":"2023-07-07T08:37:10+00:00","dateModified":"2024-02-29T16:06:32+00:00","description":"Consultez nos mentions l\u00e9gales pour obtenir toutes les informations l\u00e9gales et r\u00e8glementaires concernant notre site.","breadcrumb":{"@id":"https:\/\/chalet-aravet.com\/mentions-legales\/#breadcrumb"},"inLanguage":"en-GB","potentialAction":[{"@type":"ReadAction","target":["https:\/\/chalet-aravet.com\/mentions-legales\/"]}]},{"@type":"ImageObject","inLanguage":"en-GB","@id":"https:\/\/chalet-aravet.com\/mentions-legales\/#primaryimage","url":"https:\/\/chalet-aravet.com\/wp-content\/uploads\/2024\/02\/chalet-aravet.webp","contentUrl":"https:\/\/chalet-aravet.com\/wp-content\/uploads\/2024\/02\/chalet-aravet.webp"},{"@type":"BreadcrumbList","@id":"https:\/\/chalet-aravet.com\/mentions-legales\/#breadcrumb","itemListElement":[{"@type":"ListItem","position":1,"name":"Accueil","item":"https:\/\/chalet-aravet.com\/"},{"@type":"ListItem","position":2,"name":"Mentions l\u00e9gales"}]},{"@type":"WebSite","@id":"https:\/\/chalet-aravet.com\/#website","url":"https:\/\/chalet-aravet.com\/","name":"Chalet Aravet","description":"","publisher":{"@id":"https:\/\/chalet-aravet.com\/#organization"},"potentialAction":[{"@type":"SearchAction","target":{"@type":"EntryPoint","urlTemplate":"https:\/\/chalet-aravet.com\/?s={search_term_string}"},"query-input":{"@type":"PropertyValueSpecification","valueRequired":true,"valueName":"search_term_string"}}],"inLanguage":"en-GB"},{"@type":"Organization","@id":"https:\/\/chalet-aravet.com\/#organization","name":"Chalet Aravet","url":"https:\/\/chalet-aravet.com\/","logo":{"@type":"ImageObject","inLanguage":"en-GB","@id":"https:\/\/chalet-aravet.com\/#\/schema\/logo\/image\/","url":"https:\/\/chalet-aravet.com\/wp-content\/uploads\/2023\/06\/logo.svg","contentUrl":"https:\/\/chalet-aravet.com\/wp-content\/uploads\/2023\/06\/logo.svg","width":1,"height":1,"caption":"Chalet Aravet"},"image":{"@id":"https:\/\/chalet-aravet.com\/#\/schema\/logo\/image\/"}}]}},"_links":{"self":[{"href":"https:\/\/chalet-aravet.com\/en\/wp-json\/wp\/v2\/pages\/889","targetHints":{"allow":["GET"]}}],"collection":[{"href":"https:\/\/chalet-aravet.com\/en\/wp-json\/wp\/v2\/pages"}],"about":[{"href":"https:\/\/chalet-aravet.com\/en\/wp-json\/wp\/v2\/types\/page"}],"author":[{"embeddable":true,"href":"https:\/\/chalet-aravet.com\/en\/wp-json\/wp\/v2\/users\/1"}],"replies":[{"embeddable":true,"href":"https:\/\/chalet-aravet.com\/en\/wp-json\/wp\/v2\/comments?post=889"}],"version-history":[{"count":6,"href":"https:\/\/chalet-aravet.com\/en\/wp-json\/wp\/v2\/pages\/889\/revisions"}],"predecessor-version":[{"id":1902,"href":"https:\/\/chalet-aravet.com\/en\/wp-json\/wp\/v2\/pages\/889\/revisions\/1902"}],"wp:attachment":[{"href":"https:\/\/chalet-aravet.com\/en\/wp-json\/wp\/v2\/media?parent=889"}],"curies":[{"name":"wp","href":"https:\/\/api.w.org\/{rel}","templated":true}]}}